{"id":11,"date":"2026-04-08T18:28:30","date_gmt":"2026-04-08T16:28:30","guid":{"rendered":"https:\/\/thux.pl\/index.php\/ogloszenia\/"},"modified":"2026-04-08T18:28:30","modified_gmt":"2026-04-08T16:28:30","slug":"ogloszenia","status":"publish","type":"page","link":"http:\/\/thux.pl\/index.php\/ogloszenia\/","title":{"rendered":"Og\u0142oszenia"},"content":{"rendered":"\n\t\t<form\n\t\t\tid=\"auto-listings-search\" class=\"auto-listings-search s-1 \" autocomplete=\"off\"\n\t\t\taction=\"http:\/\/thux.pl\/index.php\/ogloszenia\/\"\n\t\t\tmethod=\"GET\"\n\t\t\trole=\"search\">\n\t\t\t\n\t\t\t\t\t\t\t\t\t<div class=\"row condition-wrap\">\n\t\t\t\t\t\t\n\t\t<div class=\"field condition\">\n\n\t\t\t<span class=\"prefix\">Szukam <\/span>\n\t\t\t\t<input type=\"hidden\" name=\"condition[]\" value=\"Used\"\/>\n\n\t\t\t\n\t\t\t\n\t\t<\/div>\n\n\t\t\t\t\t\t\t<\/div>\n\t\t\t\t\n\t\t\t\t\t\t\t\t\t<div class=\"row price-wrap\">\n\t\t\t\t\t\t\t\t<div class=\"field min-price\">\n\n\t\t\t<span class=\"prefix\">cena od<\/span>\n\t\t\t<select placeholder=\"minimum\" name=\"min_price\">\n\t\t\t\t<option value=\"\">minimum<\/option>\n\n\t\t\t\t\t\t\t\t\t<option value=\"3000\"  >3,000&nbsp;z\u0142.<\/option>\n\t\t\t\t\t\t\t\t\t<option value=\"5000\"  >5,000&nbsp;z\u0142.<\/option>\n\t\t\t\t\t\t\t\t\t<option value=\"10000\"  >10,000&nbsp;z\u0142.<\/option>\n\t\t\t\t\t\t\t\t\t<option value=\"15000\"  >15,000&nbsp;z\u0142.<\/option>\n\t\t\t\t\t\t\t\t\t<option value=\"20000\"  >20,000&nbsp;z\u0142.<\/option>\n\t\t\t\t\t\t\t\t\t<option value=\"25000\"  >25,000&nbsp;z\u0142.<\/option>\n\t\t\t\t\t\t\t\t\t<option value=\"30000\"  >30,000&nbsp;z\u0142.<\/option>\n\t\t\t\t\t\t\t\t\t<option value=\"35000\"  >35,000&nbsp;z\u0142.<\/option>\n\t\t\t\t\t\t\t\t\t<option value=\"40000\"  >40,000&nbsp;z\u0142.<\/option>\n\t\t\t\t\t\t\t\t\t<option value=\"45000\"  >45,000&nbsp;z\u0142.<\/option>\n\t\t\t\t\t\t\t\t\t<option value=\"50000\"  >50,000&nbsp;z\u0142.<\/option>\n\t\t\t\t\t\t\t\t\t<option value=\"60000\"  >60,000&nbsp;z\u0142.<\/option>\n\t\t\t\t\t\t\t\t\t<option value=\"80000\"  >80,000&nbsp;z\u0142.<\/option>\n\t\t\t\t\t\t\t\t\t<option value=\"100000\"  >100,000&nbsp;z\u0142.<\/option>\n\t\t\t\t\t\t\t\t\t<option value=\"125000\"  >125,000&nbsp;z\u0142.<\/option>\n\t\t\t\t\t\t\t\t\t<option value=\"150000\"  >150,000&nbsp;z\u0142.<\/option>\n\t\t\t\t\t\t\t<\/select>\n\n\t\t\t\n\t\t<\/div>\n\n\t\t\t\t<div class=\"field max-price\">\n\n\t\t\t<span class=\"prefix\">do<\/span>\n\t\t\t<select placeholder=\"maksimum\" name=\"max_price\">\n\t\t\t\t<option value=\"\">maksimum<\/option>\n\n\t\t\t\t\t\t\t\t\t<option value=\"3000\"  >3,000&nbsp;z\u0142.<\/option>\n\t\t\t\t\t\t\t\t\t<option value=\"5000\"  >5,000&nbsp;z\u0142.<\/option>\n\t\t\t\t\t\t\t\t\t<option value=\"10000\"  >10,000&nbsp;z\u0142.<\/option>\n\t\t\t\t\t\t\t\t\t<option value=\"15000\"  >15,000&nbsp;z\u0142.<\/option>\n\t\t\t\t\t\t\t\t\t<option value=\"20000\"  >20,000&nbsp;z\u0142.<\/option>\n\t\t\t\t\t\t\t\t\t<option value=\"25000\"  >25,000&nbsp;z\u0142.<\/option>\n\t\t\t\t\t\t\t\t\t<option value=\"30000\"  >30,000&nbsp;z\u0142.<\/option>\n\t\t\t\t\t\t\t\t\t<option value=\"35000\"  >35,000&nbsp;z\u0142.<\/option>\n\t\t\t\t\t\t\t\t\t<option value=\"40000\"  >40,000&nbsp;z\u0142.<\/option>\n\t\t\t\t\t\t\t\t\t<option value=\"45000\"  >45,000&nbsp;z\u0142.<\/option>\n\t\t\t\t\t\t\t\t\t<option value=\"50000\"  >50,000&nbsp;z\u0142.<\/option>\n\t\t\t\t\t\t\t\t\t<option value=\"60000\"  >60,000&nbsp;z\u0142.<\/option>\n\t\t\t\t\t\t\t\t\t<option value=\"80000\"  >80,000&nbsp;z\u0142.<\/option>\n\t\t\t\t\t\t\t\t\t<option value=\"100000\"  >100,000&nbsp;z\u0142.<\/option>\n\t\t\t\t\t\t\t\t\t<option value=\"125000\"  >125,000&nbsp;z\u0142.<\/option>\n\t\t\t\t\t\t\t\t\t<option value=\"150000\"  >150,000&nbsp;z\u0142.<\/option>\n\t\t\t\t\t\t\t<\/select>\n\n\t\t\t\n\t\t<\/div>\n\n\t\t\t\t\t\t\t<\/div>\n\t\t\t\t\n\t\t\t\t\t\t\t\t\t<div class=\"row area-wrap\">\n\t\t\t\t\t\t\t\t\t\t\t\t<input class=\"field area\" type=\"text\" name=\"s\" placeholder=\"Wojew\u00f3dztwo, kod pocztowy, miasto\" value=\"\"\/>\n\t\t\t\t\t\t<button class=\"al-button\" type=\"submit\">Znajd\u017a m\u00f3j samoch\u00f3d<\/button>\n\t\t\t\t\t<\/div>\n\t\t\t\t\n\t\t\t\t\t\t\t\t\t<a class=\"refine\">Wi\u0119cej ulepsze\u0144<i class=\"fa fa-angle-down\"><\/i><\/a>\n\n\t\t\t\t\t<div class=\"row extras-wrap\">\n\t\t\t\t\t\t\n\t\t<div class=\"field the-year\">\n\n\t\t\t\n\t\t\t\t<select multiple=\"multiple\" placeholder=\"Rok\" name=\"the_year[]\">\n\n\t\t\t\t\t\t\t\t\t\t\t<option value=\"2017\"  >2017<\/option>\n\t\t\t\t\t\n\t\t\t\t<\/select>\n\n\t\t\t\n\t\t\t\n\t\t<\/div>\n\n\t\t\n\t\t<div class=\"field make\">\n\n\t\t\t\n\t\t\t\t<select multiple=\"multiple\" placeholder=\"Producent\" name=\"make[]\">\n\n\t\t\t\t\t\t\t\t\t\t\t<option value=\"Jeep\"  >Jeep<\/option>\n\t\t\t\t\t\n\t\t\t\t<\/select>\n\n\t\t\t\n\t\t\t\n\t\t<\/div>\n\n\t\t\n\t\t<div class=\"field model\">\n\n\t\t\t\n\t\t\t\t<select multiple=\"multiple\" placeholder=\"Model\" name=\"model[]\">\n\n\t\t\t\t\t\t\t\t\t\t\t<option value=\"Cherokee\"  >Cherokee<\/option>\n\t\t\t\t\t\n\t\t\t\t<\/select>\n\n\t\t\t\n\t\t\t\n\t\t<\/div>\n\n\t\t\t\t<div class=\"field odometer\">\n\n\t\t\t\n\t\t\t<select placeholder=\"Maksymalny przebieg\" name=\"odometer\">\n\t\t\t\t<option value=\"\">Maksymalny przebieg<\/option>\n\n\t\t\t\t\t\t\t\t\t<option value=\"10000\"  >10&nbsp;000 km lub mniej<\/option>\n\t\t\t\t\t\t\t\t\t<option value=\"20000\"  >20&nbsp;000 km lub mniej<\/option>\n\t\t\t\t\t\t\t\t\t<option value=\"30000\"  >30&nbsp;000 km lub mniej<\/option>\n\t\t\t\t\t\t\t\t\t<option value=\"40000\"  >40&nbsp;000 km lub mniej<\/option>\n\t\t\t\t\t\t\t\t\t<option value=\"50000\"  >50&nbsp;000 km lub mniej<\/option>\n\t\t\t\t\t\t\t\t\t<option value=\"75000\"  >75&nbsp;000 km lub mniej<\/option>\n\t\t\t\t\t\t\t\t\t<option value=\"100000\"  >100&nbsp;000 km lub mniej<\/option>\n\t\t\t\t\t\t\t\t\t<option value=\"150000\"  >150&nbsp;000 km lub mniej<\/option>\n\t\t\t\t\t\t\t\t\t<option value=\"200000\"  >200&nbsp;000 km lub mniej<\/option>\n\t\t\t\t\t\t\t<\/select>\n\n\t\t\t\n\t\t<\/div>\n\n\t\t\t\t\t\t\t<\/div>\n\t\t\t\t\n\t\t\t\t\t<\/form>\n\n\t\t\n","protected":false},"excerpt":{"rendered":"","protected":false},"author":1,"featured_media":0,"parent":0,"menu_order":0,"comment_status":"closed","ping_status":"closed","template":"","meta":{"site-sidebar-layout":"default","site-content-layout":"","ast-site-content-layout":"default","site-content-style":"default","site-sidebar-style":"default","ast-global-header-display":"","ast-banner-title-visibility":"","ast-main-header-display":"","ast-hfb-above-header-display":"","ast-hfb-below-header-display":"","ast-hfb-mobile-header-display":"","site-post-title":"","ast-breadcrumbs-content":"","ast-featured-img":"","footer-sml-layout":"","ast-disable-related-posts":"","theme-transparent-header-meta":"","adv-header-id-meta":"","stick-header-meta":"","header-above-stick-meta":"","header-main-stick-meta":"","header-below-stick-meta":"","astra-migrate-meta-layouts":"default","ast-page-background-enabled":"default","ast-page-background-meta":{"desktop":{"background-color":"var(--ast-global-color-5)","background-image":"","background-repeat":"repeat","background-position":"center center","background-size":"auto","background-attachment":"scroll","background-type":"","background-media":"","overlay-type":"","overlay-color":"","overlay-opacity":"","overlay-gradient":""},"tablet":{"background-color":"","background-image":"","background-repeat":"repeat","background-position":"center center","background-size":"auto","background-attachment":"scroll","background-type":"","background-media":"","overlay-type":"","overlay-color":"","overlay-opacity":"","overlay-gradient":""},"mobile":{"background-color":"","background-image":"","background-repeat":"repeat","background-position":"center center","background-size":"auto","background-attachment":"scroll","background-type":"","background-media":"","overlay-type":"","overlay-color":"","overlay-opacity":"","overlay-gradient":""}},"ast-content-background-meta":{"desktop":{"background-color":"var(--ast-global-color-4)","background-image":"","background-repeat":"repeat","background-position":"center center","background-size":"auto","background-attachment":"scroll","background-type":"","background-media":"","overlay-type":"","overlay-color":"","overlay-opacity":"","overlay-gradient":""},"tablet":{"background-color":"var(--ast-global-color-4)","background-image":"","background-repeat":"repeat","background-position":"center center","background-size":"auto","background-attachment":"scroll","background-type":"","background-media":"","overlay-type":"","overlay-color":"","overlay-opacity":"","overlay-gradient":""},"mobile":{"background-color":"var(--ast-global-color-4)","background-image":"","background-repeat":"repeat","background-position":"center center","background-size":"auto","background-attachment":"scroll","background-type":"","background-media":"","overlay-type":"","overlay-color":"","overlay-opacity":"","overlay-gradient":""}},"footnotes":""},"class_list":["post-11","page","type-page","status-publish","hentry"],"_links":{"self":[{"href":"http:\/\/thux.pl\/index.php\/wp-json\/wp\/v2\/pages\/11","targetHints":{"allow":["GET"]}}],"collection":[{"href":"http:\/\/thux.pl\/index.php\/wp-json\/wp\/v2\/pages"}],"about":[{"href":"http:\/\/thux.pl\/index.php\/wp-json\/wp\/v2\/types\/page"}],"author":[{"embeddable":true,"href":"http:\/\/thux.pl\/index.php\/wp-json\/wp\/v2\/users\/1"}],"replies":[{"embeddable":true,"href":"http:\/\/thux.pl\/index.php\/wp-json\/wp\/v2\/comments?post=11"}],"version-history":[{"count":0,"href":"http:\/\/thux.pl\/index.php\/wp-json\/wp\/v2\/pages\/11\/revisions"}],"wp:attachment":[{"href":"http:\/\/thux.pl\/index.php\/wp-json\/wp\/v2\/media?parent=11"}],"curies":[{"name":"wp","href":"https:\/\/api.w.org\/{rel}","templated":true}]}}